{"id":3147,"date":"2021-04-20T12:42:28","date_gmt":"2021-04-20T12:42:28","guid":{"rendered":"https:\/\/www.witschi.com\/service\/software\/"},"modified":"2021-09-19T12:22:00","modified_gmt":"2021-09-19T12:22:00","slug":"software","status":"publish","type":"page","link":"https:\/\/fawafuhu.cyon.site\/fr\/service\/software\/","title":{"rendered":"Logiciel"},"content":{"rendered":"<p>Witschi vous propose des logiciels sur mesure. WiCoTRACE et Chronoscope Service sont des solutions logicielles sp\u00e9cifiquement adapt\u00e9es \u00e0 nos produits et garantissent une exp\u00e9rience d&rsquo;utilisation conviviale.<\/p>\n","protected":false},"excerpt":{"rendered":"<p>Witschi vous propose des logiciels sur mesure. WiCoTRACE et Chronoscope Service sont des solutions logicielles sp\u00e9cifiquement adapt\u00e9es \u00e0 nos produits et garantissent une exp\u00e9rience d&rsquo;utilisation conviviale.<\/p>\n","protected":false},"author":1,"featured_media":0,"parent":1860,"menu_order":0,"comment_status":"closed","ping_status":"closed","template":"templates\/dynamic-template.php","meta":{"inline_featured_image":false},"acf":[],"_links":{"self":[{"href":"https:\/\/fawafuhu.cyon.site\/fr\/wp-json\/wp\/v2\/pages\/3147"}],"collection":[{"href":"https:\/\/fawafuhu.cyon.site\/fr\/wp-json\/wp\/v2\/pages"}],"about":[{"href":"https:\/\/fawafuhu.cyon.site\/fr\/wp-json\/wp\/v2\/types\/page"}],"author":[{"embeddable":true,"href":"https:\/\/fawafuhu.cyon.site\/fr\/wp-json\/wp\/v2\/users\/1"}],"replies":[{"embeddable":true,"href":"https:\/\/fawafuhu.cyon.site\/fr\/wp-json\/wp\/v2\/comments?post=3147"}],"version-history":[{"count":0,"href":"https:\/\/fawafuhu.cyon.site\/fr\/wp-json\/wp\/v2\/pages\/3147\/revisions"}],"up":[{"embeddable":true,"href":"https:\/\/fawafuhu.cyon.site\/fr\/wp-json\/wp\/v2\/pages\/1860"}],"wp:attachment":[{"href":"https:\/\/fawafuhu.cyon.site\/fr\/wp-json\/wp\/v2\/media?parent=3147"}],"curies":[{"name":"wp","href":"https:\/\/api.w.org\/{rel}","templated":true}]}}